{"id":232354,"date":"2023-02-11T21:04:29","date_gmt":"2023-02-11T20:04:29","guid":{"rendered":"https:\/\/solix.hu\/rolunk\/"},"modified":"2023-02-11T21:04:29","modified_gmt":"2023-02-11T20:04:29","slug":"rolunk","status":"publish","type":"page","link":"https:\/\/arsion.hu\/hu\/rolunk\/","title":{"rendered":"r\u00f3lunk"},"content":{"rendered":"<section class=\"l-section wpb_row height_medium width_full with_img with_overlay\"><div class=\"l-section-img\" style=\"background-image: url(https:\/\/arsion.hu\/wp-content\/uploads\/2023\/02\/red-zeppelin-UVGE-o757-g-unsplash-scaled.jpg);\" data-img-width=\"2560\" data-img-height=\"1920\"><\/div><div class=\"l-section-overlay\" style=\"background: rgba(33,33,33,0.60)\"><\/div><div class=\"l-section-h i-cf\"><div class=\"g-cols vc_row type_default valign_top\">\n            <div class=\"vc_col-sm-4 wpb_column vc_column_container\"><div class=\"vc_column-inner\"><div class=\"wpb_wrapper\"><\/div><\/div><\/div>\n            <div class=\"vc_col-sm-4 wpb_column vc_column_container\"><div class=\"vc_column-inner\"><div class=\"wpb_wrapper\">\n              [vc_custom_heading text=&#8221;A SOLIXSUN-r\u00f3l&#8221; font_container=&#8221;tag:h2|text_align:center&#8221; use_theme_fonts=&#8221;yes&#8221; css=&#8221;%7B%22default%22%3A%7B%22color%22%3A%22%23ffffff%22%2C%22font-size%22%3A%222rem%22%2C%22margin-left%22%3A%2230px%22%7D%7D&#8221;]\n            <\/div><\/div><\/div>\n            <div class=\"vc_col-sm-4 wpb_column vc_column_container\"><div class=\"vc_column-inner\"><div class=\"wpb_wrapper\"><\/div><\/div><\/div>\n          <\/div><\/div><\/section><!-- Row Backgrounds -->\n          <section class=\"l-section wpb_row height_medium\"><div class=\"l-section-h i-cf\"><div class=\"g-cols vc_row type_default valign_top\">\n            <div class=\"vc_col-sm-2 wpb_column vc_column_container\"><div class=\"vc_column-inner\"><div class=\"wpb_wrapper\"><\/div><\/div><\/div>\n            <div class=\"vc_col-sm-8 wpb_column vc_column_container\"><div class=\"vc_column-inner\"><div class=\"wpb_wrapper\">\n              [vc_custom_heading text=&#8221;Napelemek, inverterek \u00e9s szerel\u0151eszk\u00f6z\u00f6k professzion\u00e1lis forgalmaz\u00f3ja&#8221; font_container=&#8221;tag:h2|text_align:center&#8221; use_theme_fonts=&#8221;yes&#8221; css=&#8221;%7B%22default%22%3A%7B%22font-size%22%3A%2224px%22%7D%7D&#8221;]\n              <div class=\"wpb_text_column\" ><div class=\"wpb_wrapper\"><p>A SOLiX SUN b\u00fcszke pr\u00e9mium m\u00e1rk\u00e1inak sz\u00e9les v\u00e1laszt\u00e9k\u00e1ra, j\u00f3 kiszolg\u00e1l\u00e1s\u00e1ra \u00e9s gyors sz\u00e1ll\u00edt\u00e1s\u00e1ra. 190 \/ 5,000 Translation results Translation result Napelemek forgalmaz\u00f3jak\u00e9nt a SOLiX SUN lehet\u0151v\u00e9 teszi a telep\u00edt\u0151 sz\u00e1m\u00e1ra, hogy a telep\u00edt\u00e9sre \u00f6sszpontos\u00edtson, a term\u00e9kmin\u0151s\u00e9ggel, a pontos sz\u00e1ll\u00edt\u00e1ssal \u00e9s egy\u00e9b id\u0151ig\u00e9nyes tev\u00e9kenys\u00e9gekt\u0151l mentesen. A szol\u00e1ris inverterek, szerel\u00e9si rendszerek, k\u00e1belek \u00e9s dugaszok sz\u00e9les v\u00e1laszt\u00e9k\u00e1val a SOLiX SUN egyablakos \u00fcgyint\u00e9z\u00e9s a napelem-szerel\u0151k sz\u00e1m\u00e1ra.<\/p>\n<\/div><\/div>\n              [vc_custom_heading text=&#8221;Mi\u00e9rt dolgozzon vel\u00fcnk?&#8221; font_container=&#8221;tag:h3|text_align:left&#8221; use_theme_fonts=&#8221;yes&#8221; css=&#8221;%7B%22default%22%3A%7B%22font-size%22%3A%2224px%22%7D%7D&#8221;]\n              <div class=\"wpb_text_column\" ><div class=\"wpb_wrapper\"><p class=\"w-iconbox-title\"><strong>Versenyk\u00e9pes \u00e1r:<\/strong> A SOLiX SUN az ell\u00e1t\u00e1si folyamatok optimaliz\u00e1l\u00e1s\u00e1val a legjobb versenyk\u00e9pes \u00e1rakat k\u00edn\u00e1lja Eur\u00f3p\u00e1ban<\/p>\n<p class=\"w-iconbox-title\"><strong>Rugalmas sz\u00e1ll\u00edt\u00e1s:<\/strong> A SOLiX SUN az \u00d6n \u00e1ltal k\u00edv\u00e1nt id\u0151ben \u00e9s helyen sz\u00e1ll\u00edt napelemes term\u00e9keket<\/p>\n<p class=\"w-iconbox-title\"><strong>Teljes tartom\u00e1ny:<\/strong> Az \u00d6n sikere a mi kih\u00edv\u00e1sunk, akt\u00edvan egy\u00fctt gondolkodunk szervezet\u00e9vel.<\/p>\n<p class=\"w-iconbox-title\"><strong>Megb\u00edzhat\u00f3:<\/strong> A SOLiX SUN pr\u00e9mium m\u00e1rk\u00e1k sz\u00e9les sk\u00e1l\u00e1j\u00e1t tartja rakt\u00e1ron \u00d6nnek, mint v\u00e1s\u00e1rl\u00f3nak.<\/p>\n<p>\n<\/div><\/div>\n            <\/div><\/div><\/div>\n            <div class=\"vc_col-sm-2 wpb_column vc_column_container\"><div class=\"vc_column-inner\"><div class=\"wpb_wrapper\"><\/div><\/div><\/div>\n          <\/div><\/div><\/section>\n","protected":false},"excerpt":{"rendered":"[vc_custom_heading text=\"A SOLIXSUN-r\u00f3l\" font_container=\"tag:h2|text_align:center\" use_theme_fonts=\"yes\" css=\"%7B%22default%22%3A%7B%22color%22%3A%22%23ffffff%22%2C%22font-size%22%3A%222rem%22%2C%22margin-left%22%3A%2230px%22%7D%7D\"] [vc_custom_heading text=\"Napelemek, inverterek \u00e9s szerel\u0151eszk\u00f6z\u00f6k professzion\u00e1lis forgalmaz\u00f3ja\" font_container=\"tag:h2|text_align:center\" use_theme_fonts=\"yes\" css=\"%7B%22default%22%3A%7B%22font-size%22%3A%2224px%22%7D%7D\"] A SOLiX SUN b\u00fcszke pr\u00e9mium m\u00e1rk\u00e1inak sz\u00e9les v\u00e1laszt\u00e9k\u00e1ra, j\u00f3 kiszolg\u00e1l\u00e1s\u00e1ra \u00e9s gyors sz\u00e1ll\u00edt\u00e1s\u00e1ra. 190 \/ 5,000 Translation results Translation result Napelemek forgalmaz\u00f3jak\u00e9nt a SOLiX SUN lehet\u0151v\u00e9 teszi a telep\u00edt\u0151 sz\u00e1m\u00e1ra, hogy a telep\u00edt\u00e9sre \u00f6sszpontos\u00edtson, a term\u00e9kmin\u0151s\u00e9ggel, a pontos sz\u00e1ll\u00edt\u00e1ssal...","protected":false},"author":41,"featured_media":0,"parent":0,"menu_order":0,"comment_status":"closed","ping_status":"closed","template":"","meta":{"footnotes":""},"class_list":["post-232354","page","type-page","status-publish","hentry"],"yoast_head":"<!-- This site is optimized with the Yoast SEO Premium plugin v20.4 (Yoast SEO v27.1.1) - https:\/\/yoast.com\/product\/yoast-seo-premium-wordpress\/ -->\n<title>r\u00f3lunk - Arsion<\/title>\n<meta name=\"robots\" content=\"index, follow, max-snippet:-1, max-image-preview:large, max-video-preview:-1\" \/>\n<link rel=\"canonical\" href=\"https:\/\/arsion.hu\/hu\/rolunk\/\" \/>\n<meta property=\"og:locale\" content=\"hu_HU\" \/>\n<meta property=\"og:type\" content=\"article\" \/>\n<meta property=\"og:title\" content=\"r\u00f3lunk\" \/>\n<meta property=\"og:url\" content=\"https:\/\/arsion.hu\/hu\/rolunk\/\" \/>\n<meta property=\"og:site_name\" content=\"Arsion\" \/>\n<meta name=\"twitter:card\" content=\"summary_large_image\" \/>\n<meta name=\"twitter:label1\" content=\"Becs\u00fclt olvas\u00e1si id\u0151\" \/>\n\t<meta name=\"twitter:data1\" content=\"2 perc\" \/>\n<script type=\"application\/ld+json\" class=\"yoast-schema-graph\">{\"@context\":\"https:\/\/schema.org\",\"@graph\":[{\"@type\":\"WebPage\",\"@id\":\"https:\/\/arsion.hu\/hu\/rolunk\/\",\"url\":\"https:\/\/arsion.hu\/hu\/rolunk\/\",\"name\":\"r\u00f3lunk - Arsion\",\"isPartOf\":{\"@id\":\"https:\/\/arsion.hu\/#website\"},\"datePublished\":\"2023-02-11T20:04:29+00:00\",\"breadcrumb\":{\"@id\":\"https:\/\/arsion.hu\/hu\/rolunk\/#breadcrumb\"},\"inLanguage\":\"hu\",\"potentialAction\":[{\"@type\":\"ReadAction\",\"target\":[\"https:\/\/arsion.hu\/hu\/rolunk\/\"]}]},{\"@type\":\"BreadcrumbList\",\"@id\":\"https:\/\/arsion.hu\/hu\/rolunk\/#breadcrumb\",\"itemListElement\":[{\"@type\":\"ListItem\",\"position\":1,\"name\":\"Home\",\"item\":\"https:\/\/arsion.hu\/hu\/\"},{\"@type\":\"ListItem\",\"position\":2,\"name\":\"r\u00f3lunk\"}]},{\"@type\":\"WebSite\",\"@id\":\"https:\/\/arsion.hu\/#website\",\"url\":\"https:\/\/arsion.hu\/\",\"name\":\"Arsion\",\"description\":\"PV Wholesale &amp; Supply Chain Mng.\",\"potentialAction\":[{\"@type\":\"SearchAction\",\"target\":{\"@type\":\"EntryPoint\",\"urlTemplate\":\"https:\/\/arsion.hu\/?s={search_term_string}\"},\"query-input\":{\"@type\":\"PropertyValueSpecification\",\"valueRequired\":true,\"valueName\":\"search_term_string\"}}],\"inLanguage\":\"hu\"}]}<\/script>\n<!-- \/ Yoast SEO Premium plugin. -->","yoast_head_json":{"title":"r\u00f3lunk - Arsion","robots":{"index":"index","follow":"follow","max-snippet":"max-snippet:-1","max-image-preview":"max-image-preview:large","max-video-preview":"max-video-preview:-1"},"canonical":"https:\/\/arsion.hu\/hu\/rolunk\/","og_locale":"hu_HU","og_type":"article","og_title":"r\u00f3lunk","og_url":"https:\/\/arsion.hu\/hu\/rolunk\/","og_site_name":"Arsion","twitter_card":"summary_large_image","twitter_misc":{"Becs\u00fclt olvas\u00e1si id\u0151":"2 perc"},"schema":{"@context":"https:\/\/schema.org","@graph":[{"@type":"WebPage","@id":"https:\/\/arsion.hu\/hu\/rolunk\/","url":"https:\/\/arsion.hu\/hu\/rolunk\/","name":"r\u00f3lunk - Arsion","isPartOf":{"@id":"https:\/\/arsion.hu\/#website"},"datePublished":"2023-02-11T20:04:29+00:00","breadcrumb":{"@id":"https:\/\/arsion.hu\/hu\/rolunk\/#breadcrumb"},"inLanguage":"hu","potentialAction":[{"@type":"ReadAction","target":["https:\/\/arsion.hu\/hu\/rolunk\/"]}]},{"@type":"BreadcrumbList","@id":"https:\/\/arsion.hu\/hu\/rolunk\/#breadcrumb","itemListElement":[{"@type":"ListItem","position":1,"name":"Home","item":"https:\/\/arsion.hu\/hu\/"},{"@type":"ListItem","position":2,"name":"r\u00f3lunk"}]},{"@type":"WebSite","@id":"https:\/\/arsion.hu\/#website","url":"https:\/\/arsion.hu\/","name":"Arsion","description":"PV Wholesale &amp; Supply Chain Mng.","potentialAction":[{"@type":"SearchAction","target":{"@type":"EntryPoint","urlTemplate":"https:\/\/arsion.hu\/?s={search_term_string}"},"query-input":{"@type":"PropertyValueSpecification","valueRequired":true,"valueName":"search_term_string"}}],"inLanguage":"hu"}]}},"_links":{"self":[{"href":"https:\/\/arsion.hu\/hu\/wp-json\/wp\/v2\/pages\/232354","targetHints":{"allow":["GET"]}}],"collection":[{"href":"https:\/\/arsion.hu\/hu\/wp-json\/wp\/v2\/pages"}],"about":[{"href":"https:\/\/arsion.hu\/hu\/wp-json\/wp\/v2\/types\/page"}],"author":[{"embeddable":true,"href":"https:\/\/arsion.hu\/hu\/wp-json\/wp\/v2\/users\/41"}],"replies":[{"embeddable":true,"href":"https:\/\/arsion.hu\/hu\/wp-json\/wp\/v2\/comments?post=232354"}],"version-history":[{"count":0,"href":"https:\/\/arsion.hu\/hu\/wp-json\/wp\/v2\/pages\/232354\/revisions"}],"wp:attachment":[{"href":"https:\/\/arsion.hu\/hu\/wp-json\/wp\/v2\/media?parent=232354"}],"curies":[{"name":"wp","href":"https:\/\/api.w.org\/{rel}","templated":true}]}}