{"id":232355,"date":"2023-02-11T21:04:48","date_gmt":"2023-02-11T20:04:48","guid":{"rendered":"https:\/\/solix.hu\/lepjen-kapcsolatba-velunk\/"},"modified":"2023-02-11T21:04:48","modified_gmt":"2023-02-11T20:04:48","slug":"lepjen-kapcsolatba-velunk","status":"publish","type":"page","link":"https:\/\/arsion.hu\/hu\/lepjen-kapcsolatba-velunk\/","title":{"rendered":"L\u00e9pjen kapcsolatba vel\u00fcnk"},"content":{"rendered":"<section class=\"l-section wpb_row height_medium width_full with_img with_overlay\"><div class=\"l-section-img\" style=\"background-image: url(https:\/\/arsion.hu\/wp-content\/uploads\/2023\/03\/business-concept-with-copy-space-office-desk-table-with-pen-focus-analysis-chart-computer-notebook-cup-coffee-desk-vintage-tone-retro-filter-selective-focus.jpg);background-position: top center;\" data-img-width=\"1500\" data-img-height=\"1000\"><\/div><div class=\"l-section-overlay\" style=\"background: rgba(33,33,33,0.60)\"><\/div><div class=\"l-section-h i-cf\"><div class=\"g-cols vc_row type_default valign_top\">\n            <div class=\"vc_col-sm-4 wpb_column vc_column_container\"><div class=\"vc_column-inner\"><div class=\"wpb_wrapper\"><\/div><\/div><\/div>\n            <div class=\"vc_col-sm-4 wpb_column vc_column_container\"><div class=\"vc_column-inner\"><div class=\"wpb_wrapper\">\n              [vc_custom_heading text=&#8221;L\u00e9pjen kapcsolatba a SOLIXSUN-nal&#8221; font_container=&#8221;tag:h2|text_align:center&#8221; use_theme_fonts=&#8221;yes&#8221; css=&#8221;%7B%22default%22%3A%7B%22color%22%3A%22%23ffffff%22%2C%22font-size%22%3A%222rem%22%2C%22margin-left%22%3A%2230px%22%7D%7D&#8221;]\n            <\/div><\/div><\/div>\n            <div class=\"vc_col-sm-4 wpb_column vc_column_container\"><div class=\"vc_column-inner\"><div class=\"wpb_wrapper\"><\/div><\/div><\/div>\n          <\/div><\/div><\/section><!-- Row Backgrounds -->\n          <section class=\"l-section wpb_row height_medium\"><div class=\"l-section-h i-cf\"><div class=\"g-cols vc_row type_default valign_top\">\n            <div class=\"vc_col-sm-6 wpb_column vc_column_container animate_afl\"><div class=\"vc_column-inner us_custom_f58a0cb9\"><div class=\"wpb_wrapper\">\n              <div class=\"wpb_text_column\" ><div class=\"wpb_wrapper\"><h4 style=\"text-align: left;\">Nyugodtan hagyjon nek\u00fcnk \u00fczenetet<\/h4>\n<p>\n<\/div><\/div>\n              <form class=\"w-form  layout_ver for_cform us_form_1\" autocomplete=\"off\" action=\"https:\/\/arsion.hu\/hu\/wp-json\/wp\/v2\/pages\/232355\" method=\"post\"><div class=\"w-form-h\"><div class=\"w-form-row for_text has_label move_label required cols_2\">\r\n\t\t\t<div class=\"w-form-row-label\">\r\n\t\t\t<span>Your Name *<\/span>\r\n\t\t<\/div>\r\n\t\t<div class=\"w-form-row-field\">\r\n\t\t\t\t\t\t<input aria-label=\"Your Name\" type=\"text\" name=\"us_form_1_text_1\" value placeholder data-required=\"true\" aria-required=\"true\"\/>\r\n\t\t\t<\/div>\r\n\t\t<div class=\"w-form-row-state\">Fill out this field<\/div>\r\n<\/div>\r\n<div class=\"w-form-row for_text has_label move_label cols_2\">\r\n\t\t\t<div class=\"w-form-row-label\">\r\n\t\t\t<span>Phone<\/span>\r\n\t\t<\/div>\r\n\t\t<div class=\"w-form-row-field\">\r\n\t\t\t\t\t\t<input aria-label=\"Phone\" inputmode=\"tel\" type=\"text\" name=\"us_form_1_text_2\" value placeholder\/>\r\n\t\t\t<\/div>\r\n\t\t<div class=\"w-form-row-state\">Fill out this field<\/div>\r\n<\/div>\r\n<div class=\"w-form-row for_email has_label move_label required cols_2\">\r\n\t\t\t<div class=\"w-form-row-label\">\r\n\t\t\t<span>Email *<\/span>\r\n\t\t<\/div>\r\n\t\t<div class=\"w-form-row-field\">\r\n\t\t\t\t\t\t<input aria-label=\"Email\" type=\"email\" name=\"us_form_1_email_1\" value placeholder data-required=\"true\" aria-required=\"true\"\/>\r\n\t\t\t<\/div>\r\n\t\t<div class=\"w-form-row-state\">Adjunk meg egy val\u00f3s e-mail c\u00edmet.<\/div>\r\n<\/div>\r\n<div class=\"w-form-row for_text has_label move_label cols_2\">\r\n\t\t\t<div class=\"w-form-row-label\">\r\n\t\t\t<span>Country<\/span>\r\n\t\t<\/div>\r\n\t\t<div class=\"w-form-row-field\">\r\n\t\t\t\t\t\t<input aria-label=\"Country\" type=\"text\" name=\"us_form_1_text_3\" value placeholder\/>\r\n\t\t\t<\/div>\r\n\t\t<div class=\"w-form-row-state\">Fill out this field<\/div>\r\n<\/div>\r\n<div class=\"w-form-row for_text has_label move_label\">\r\n\t\t\t<div class=\"w-form-row-label\">\r\n\t\t\t<span>Company<\/span>\r\n\t\t<\/div>\r\n\t\t<div class=\"w-form-row-field\">\r\n\t\t\t\t\t\t<input aria-label=\"Company\" type=\"text\" name=\"us_form_1_text_4\" value placeholder\/>\r\n\t\t\t<\/div>\r\n\t\t<div class=\"w-form-row-state\">Fill out this field<\/div>\r\n<\/div>\r\n<div class=\"w-form-row for_textarea has_label move_label required\">\r\n\t\t\t<div class=\"w-form-row-label\">\r\n\t\t\t<span>Your Message *<\/span>\r\n\t\t<\/div>\r\n\t\t<div class=\"w-form-row-field\">\r\n\t\t\t\t\t\t<textarea aria-label=\"Your Message\" name=\"us_form_1_textarea_1\" placeholder data-required=\"true\" aria-required=\"true\"><\/textarea>\r\n\t\t\t<\/div>\r\n\t\t<div class=\"w-form-row-state\">Fill out this field<\/div>\r\n<\/div>\r\n<div class=\"w-form-row for_captcha has_label move_label required\">\r\n\t<div class=\"w-form-row-label\">\r\n\t\t<span>Answer <span>24 + 9 = ?<\/span><\/span>\r\n\t<\/div>\r\n\t<div class=\"w-form-row-field\">\r\n\t\t\t\t<input type=\"hidden\" name=\"us_form_1_captcha_1_hash\" value=\"5ce24a221f13fc22199b1a23a2e4490f\" \/>\r\n\t\t\t\t<input aria-label=\"Answer\" type=\"text\" name=\"us_form_1_captcha_1\" placeholder data-required=\"true\" aria-required=\"true\"\/>\r\n\t\t\t<\/div>\r\n\t\t<div class=\"w-form-row-state\">Enter the equation result to proceed<\/div>\r\n<\/div>\r\n<input type=\"hidden\" name=\"action\" value=\"us_ajax_cform\" \/><input type=\"hidden\" name=\"post_id\" value=\"0\" \/><input type=\"hidden\" name=\"form_index\" value=\"1\" \/><div class=\"w-form-row for_submit align_center\">\r\n\t<div class=\"w-form-row-field\">\r\n\t\t\t\t<button class=\"w-btn  us-btn-style_1\" aria-label=\"K\u00fcld\u00e9s\" type=\"submit\">\r\n\t\t\t<span class=\"g-preloader type_1\"><\/span>\r\n\t\t\t\t\t\t<span class=\"w-btn-label\">K\u00fcld\u00e9s<\/span>\r\n\t\t\t\t\t<\/button>\r\n\t<\/div>\r\n<\/div><\/div><div class=\"w-form-message\"><\/div><div class=\"w-form-json hidden\" onclick='return {&quot;ajaxurl&quot;:&quot;https:\\\/\\\/arsion.hu\\\/wp-admin\\\/admin-ajax.php&quot;}'><\/div><\/form>\n            <\/div><\/div><\/div>\n            <div class=\"vc_col-sm-6 wpb_column vc_column_container animate_afr\"><div class=\"vc_column-inner us_custom_f58a0cb9\"><div class=\"wpb_wrapper\">\n              <div class=\"wpb_text_column\" ><div class=\"wpb_wrapper\"><h4 style=\"text-align: left;\">SOLIXSUN kft.<\/h4>\n<p>\n<\/div><\/div>\n              <div class=\"w-text\"><span class=\"w-text-h\"><i class=\"material-icons\">home<\/i><span class=\"w-text-value\">HU14601721 Hungary 1133 Budapest Tutaj utca. 8<\/span><\/span><\/div>\n              [vc_empty_space]\n              <div class=\"w-text\"><span class=\"w-text-h\"><i class=\"material-icons\">phone<\/i><span class=\"w-text-value\">+36 20 338 2737 (EN \ud83c\uddec\ud83c\udde7)<\/span><\/span><\/div>\n              [vc_empty_space]\n              <div class=\"w-text\"><span class=\"w-text-h\"><i class=\"material-icons\">phone<\/i><span class=\"w-text-value\">+36 70 413 5740 (HU \ud83c\udded\ud83c\uddfa)<\/span><\/span><\/div>\n              [vc_empty_space]\n              <div class=\"w-text\"><span class=\"w-text-h\"><i class=\"material-icons\">mail<\/i><span class=\"w-text-value\">Sale@Solix.hu<\/span><\/span><\/div>\n            <\/div><\/div><\/div>\n          <\/div><\/div><\/section>\n          <section class=\"l-section wpb_row us_custom_8535c5f4 height_medium width_full\"><div class=\"l-section-h i-cf\"><div class=\"g-cols vc_row type_default valign_top\">\n            <div class=\"vc_col-sm-12 wpb_column vc_column_container stretched\"><div class=\"vc_column-inner\"><div class=\"wpb_wrapper\">\n              [vc_gmaps link=&#8221;#E-8_JTNDaWZyYW1lJTIwc3JjJTNEJTIyaHR0cHMlM0ElMkYlMkZ3d3cuZ29vZ2xlLmNvbSUyRm1hcHMlMkZlbWJlZCUzRnBiJTNEJTIxMW0xOCUyMTFtMTIlMjExbTMlMjExZDMzOTM5Ljg4NzIzNzIxODc1JTIxMmQxOS4wMzExODYwMzQxNTA2NzUlMjEzZDQ3LjUyMzA0NTEyMDk3NDMlMjEybTMlMjExZjAlMjEyZjAlMjEzZjAlMjEzbTIlMjExaTEwMjQlMjEyaTc2OCUyMTRmMTMuMSUyMTNtMyUyMTFtMiUyMTFzMHgwJTI1M0EweDUzNGFkOGVjMGZjZDRkMmQlMjEyc0J1ZGFwZXN0JTI1MkMlMjUyMFR1dGFqJTI1MjB1LiUyNTIwOCUyNTJDJTI1MjAxMTMzJTIxNWUwJTIxM20yJTIxMXNlbiUyMTJzaHUlMjE0djE2MTMyOTk4NjYyMDglMjE1bTIlMjExc2VuJTIxMnNodSUyMiUyMHdpZHRoJTNEJTIyNjAwJTIyJTIwaGVpZ2h0JTNEJTIyNDUwJTIyJTIwZnJhbWVib3JkZXIlM0QlMjIwJTIyJTIwc3R5bGUlM0QlMjJib3JkZXIlM0EwJTNCJTIyJTIwYWxsb3dmdWxsc2NyZWVuJTNEJTIyJTIyJTIwYXJpYS1oaWRkZW4lM0QlMjJmYWxzZSUyMiUyMHRhYmluZGV4JTNEJTIyMCUyMiUzRSUzQyUyRmlmcmFtZSUzRQ==&#8221;]\n            <\/div><\/div><\/div>\n          <\/div><\/div><\/section>\n","protected":false},"excerpt":{"rendered":"[vc_custom_heading text=\"L\u00e9pjen kapcsolatba a SOLIXSUN-nal\" font_container=\"tag:h2|text_align:center\" use_theme_fonts=\"yes\" css=\"%7B%22default%22%3A%7B%22color%22%3A%22%23ffffff%22%2C%22font-size%22%3A%222rem%22%2C%22margin-left%22%3A%2230px%22%7D%7D\"] Nyugodtan hagyjon nek\u00fcnk \u00fczenetet Your Name * Fill out this field Phone Fill out this field Email * Adjunk meg egy val\u00f3s e-mail c\u00edmet. Country Fill out this field Company Fill out this field Your Message * Fill out this field Answer 17 - 13 = ?...","protected":false},"author":41,"featured_media":0,"parent":0,"menu_order":0,"comment_status":"closed","ping_status":"closed","template":"","meta":{"footnotes":""},"class_list":["post-232355","page","type-page","status-publish","hentry"],"yoast_head":"<!-- This site is optimized with the Yoast SEO Premium plugin v20.4 (Yoast SEO v27.1.1) - https:\/\/yoast.com\/product\/yoast-seo-premium-wordpress\/ -->\n<title>L\u00e9pjen kapcsolatba vel\u00fcnk - Arsion<\/title>\n<meta name=\"robots\" content=\"index, follow, max-snippet:-1, max-image-preview:large, max-video-preview:-1\" \/>\n<link rel=\"canonical\" href=\"https:\/\/arsion.hu\/hu\/lepjen-kapcsolatba-velunk\/\" \/>\n<meta property=\"og:locale\" content=\"hu_HU\" \/>\n<meta property=\"og:type\" content=\"article\" \/>\n<meta property=\"og:title\" content=\"L\u00e9pjen kapcsolatba vel\u00fcnk\" \/>\n<meta property=\"og:url\" content=\"https:\/\/arsion.hu\/hu\/lepjen-kapcsolatba-velunk\/\" \/>\n<meta property=\"og:site_name\" content=\"Arsion\" \/>\n<meta name=\"twitter:card\" content=\"summary_large_image\" \/>\n<meta name=\"twitter:label1\" content=\"Becs\u00fclt olvas\u00e1si id\u0151\" \/>\n\t<meta name=\"twitter:data1\" content=\"2 perc\" \/>\n<script type=\"application\/ld+json\" class=\"yoast-schema-graph\">{\"@context\":\"https:\/\/schema.org\",\"@graph\":[{\"@type\":\"WebPage\",\"@id\":\"https:\/\/arsion.hu\/hu\/lepjen-kapcsolatba-velunk\/\",\"url\":\"https:\/\/arsion.hu\/hu\/lepjen-kapcsolatba-velunk\/\",\"name\":\"L\u00e9pjen kapcsolatba vel\u00fcnk - Arsion\",\"isPartOf\":{\"@id\":\"https:\/\/arsion.hu\/#website\"},\"datePublished\":\"2023-02-11T20:04:48+00:00\",\"breadcrumb\":{\"@id\":\"https:\/\/arsion.hu\/hu\/lepjen-kapcsolatba-velunk\/#breadcrumb\"},\"inLanguage\":\"hu\",\"potentialAction\":[{\"@type\":\"ReadAction\",\"target\":[\"https:\/\/arsion.hu\/hu\/lepjen-kapcsolatba-velunk\/\"]}]},{\"@type\":\"BreadcrumbList\",\"@id\":\"https:\/\/arsion.hu\/hu\/lepjen-kapcsolatba-velunk\/#breadcrumb\",\"itemListElement\":[{\"@type\":\"ListItem\",\"position\":1,\"name\":\"Home\",\"item\":\"https:\/\/arsion.hu\/hu\/\"},{\"@type\":\"ListItem\",\"position\":2,\"name\":\"L\u00e9pjen kapcsolatba vel\u00fcnk\"}]},{\"@type\":\"WebSite\",\"@id\":\"https:\/\/arsion.hu\/#website\",\"url\":\"https:\/\/arsion.hu\/\",\"name\":\"Arsion\",\"description\":\"PV Wholesale &amp; Supply Chain Mng.\",\"potentialAction\":[{\"@type\":\"SearchAction\",\"target\":{\"@type\":\"EntryPoint\",\"urlTemplate\":\"https:\/\/arsion.hu\/?s={search_term_string}\"},\"query-input\":{\"@type\":\"PropertyValueSpecification\",\"valueRequired\":true,\"valueName\":\"search_term_string\"}}],\"inLanguage\":\"hu\"}]}<\/script>\n<!-- \/ Yoast SEO Premium plugin. -->","yoast_head_json":{"title":"L\u00e9pjen kapcsolatba vel\u00fcnk - Arsion","robots":{"index":"index","follow":"follow","max-snippet":"max-snippet:-1","max-image-preview":"max-image-preview:large","max-video-preview":"max-video-preview:-1"},"canonical":"https:\/\/arsion.hu\/hu\/lepjen-kapcsolatba-velunk\/","og_locale":"hu_HU","og_type":"article","og_title":"L\u00e9pjen kapcsolatba vel\u00fcnk","og_url":"https:\/\/arsion.hu\/hu\/lepjen-kapcsolatba-velunk\/","og_site_name":"Arsion","twitter_card":"summary_large_image","twitter_misc":{"Becs\u00fclt olvas\u00e1si id\u0151":"2 perc"},"schema":{"@context":"https:\/\/schema.org","@graph":[{"@type":"WebPage","@id":"https:\/\/arsion.hu\/hu\/lepjen-kapcsolatba-velunk\/","url":"https:\/\/arsion.hu\/hu\/lepjen-kapcsolatba-velunk\/","name":"L\u00e9pjen kapcsolatba vel\u00fcnk - Arsion","isPartOf":{"@id":"https:\/\/arsion.hu\/#website"},"datePublished":"2023-02-11T20:04:48+00:00","breadcrumb":{"@id":"https:\/\/arsion.hu\/hu\/lepjen-kapcsolatba-velunk\/#breadcrumb"},"inLanguage":"hu","potentialAction":[{"@type":"ReadAction","target":["https:\/\/arsion.hu\/hu\/lepjen-kapcsolatba-velunk\/"]}]},{"@type":"BreadcrumbList","@id":"https:\/\/arsion.hu\/hu\/lepjen-kapcsolatba-velunk\/#breadcrumb","itemListElement":[{"@type":"ListItem","position":1,"name":"Home","item":"https:\/\/arsion.hu\/hu\/"},{"@type":"ListItem","position":2,"name":"L\u00e9pjen kapcsolatba vel\u00fcnk"}]},{"@type":"WebSite","@id":"https:\/\/arsion.hu\/#website","url":"https:\/\/arsion.hu\/","name":"Arsion","description":"PV Wholesale &amp; Supply Chain Mng.","potentialAction":[{"@type":"SearchAction","target":{"@type":"EntryPoint","urlTemplate":"https:\/\/arsion.hu\/?s={search_term_string}"},"query-input":{"@type":"PropertyValueSpecification","valueRequired":true,"valueName":"search_term_string"}}],"inLanguage":"hu"}]}},"_links":{"self":[{"href":"https:\/\/arsion.hu\/hu\/wp-json\/wp\/v2\/pages\/232355","targetHints":{"allow":["GET"]}}],"collection":[{"href":"https:\/\/arsion.hu\/hu\/wp-json\/wp\/v2\/pages"}],"about":[{"href":"https:\/\/arsion.hu\/hu\/wp-json\/wp\/v2\/types\/page"}],"author":[{"embeddable":true,"href":"https:\/\/arsion.hu\/hu\/wp-json\/wp\/v2\/users\/41"}],"replies":[{"embeddable":true,"href":"https:\/\/arsion.hu\/hu\/wp-json\/wp\/v2\/comments?post=232355"}],"version-history":[{"count":0,"href":"https:\/\/arsion.hu\/hu\/wp-json\/wp\/v2\/pages\/232355\/revisions"}],"wp:attachment":[{"href":"https:\/\/arsion.hu\/hu\/wp-json\/wp\/v2\/media?parent=232355"}],"curies":[{"name":"wp","href":"https:\/\/api.w.org\/{rel}","templated":true}]}}